{"id":212426,"date":"2025-01-22T12:39:37","date_gmt":"2025-01-22T12:39:37","guid":{"rendered":"https:\/\/eostreprint.eu\/?post_type=product&#038;p=212426"},"modified":"2025-12-20T21:04:26","modified_gmt":"2025-12-20T21:04:26","slug":"epub-preisimaa-kristuse-ruutlid","status":"publish","type":"product","link":"https:\/\/eostreprint.eu\/et\/toode\/epub-preisimaa-kristuse-ruutlid\/","title":{"rendered":"STR 4. Preisimaa Kristuse r\u00fc\u00fctlid [EPUB]"},"content":{"rendered":"<ul>\n<li>ISBN: 978-9916-767-10-8<\/li>\n<li>Pealkiri: <strong><a href=\"https:\/\/eostreprint.eu\/et\/knights-of-christ-of-prussia\/\">Preisimaa Kristuse r\u00fc\u00fctlid<\/a><\/strong><\/li>\n<li>Autor: Maciej Dorna.<\/li>\n<li>Keel: Eesti.<\/li>\n<li>Pikkus: 48 lk.<\/li>\n<li>Failiformaat: EPUB.<\/li>\n<\/ul>","protected":false},"excerpt":{"rendered":"<p>ISBN: 978-9916-767-10-8 Title: Preisimaa Kristuse r\u00fc\u00fctlid Author: Maciej Dorna. Language: Estonian. Pages: 48. Format: EPUB.<\/p>","protected":false},"featured_media":212345,"comment_status":"open","ping_status":"closed","template":"","meta":{"_et_pb_use_builder":"","_et_pb_old_content":"","_et_gb_content_width":""},"product_brand":[],"product_cat":[31,32],"product_tag":[38,36,40],"class_list":{"0":"post-212426","1":"product","2":"type-product","3":"status-publish","4":"has-post-thumbnail","6":"product_cat-books","7":"product_cat-stronghold-series","8":"product_tag-epub","9":"product_tag-estonian","10":"product_tag-military-orders","12":"first","13":"instock","14":"downloadable","15":"virtual","16":"taxable","17":"purchasable","18":"product-type-simple"},"yoast_head":"<!-- This site is optimized with the Yoast SEO plugin v27.4 - https:\/\/yoast.com\/product\/yoast-seo-wordpress\/ -->\n<title>STR 4. Preisimaa Kristuse r\u00fc\u00fctlid [EPUB] - Eostre Publications<\/title>\n<meta name=\"robots\" content=\"index, follow, max-snippet:-1, max-image-preview:large, max-video-preview:-1\" \/>\n<link rel=\"canonical\" href=\"https:\/\/eostreprint.eu\/et\/toode\/epub-preisimaa-kristuse-ruutlid\/\" \/>\n<meta property=\"og:locale\" content=\"et_EE\" \/>\n<meta property=\"og:type\" content=\"article\" \/>\n<meta property=\"og:title\" content=\"STR 4. Preisimaa Kristuse r\u00fc\u00fctlid [EPUB] - Eostre Publications\" \/>\n<meta property=\"og:description\" content=\"ISBN: 978-9916-767-10-8 Title: Preisimaa Kristuse r\u00fc\u00fctlid Author: Maciej Dorna. Language: Estonian. Pages: 48. Format: EPUB.\" \/>\n<meta property=\"og:url\" content=\"https:\/\/eostreprint.eu\/et\/toode\/epub-preisimaa-kristuse-ruutlid\/\" \/>\n<meta property=\"og:site_name\" content=\"Eostre Publications\" \/>\n<meta property=\"article:publisher\" content=\"https:\/\/www.facebook.com\/profile.php?id=100080242308541\" \/>\n<meta property=\"article:modified_time\" content=\"2025-12-20T21:04:26+00:00\" \/>\n<meta property=\"og:image\" content=\"https:\/\/eostreprint.eu\/wp-content\/uploads\/2024\/07\/Cover-4-web-v1_EST.jpg\" \/>\n\t<meta property=\"og:image:width\" content=\"933\" \/>\n\t<meta property=\"og:image:height\" content=\"1382\" \/>\n\t<meta property=\"og:image:type\" content=\"image\/jpeg\" \/>\n<meta name=\"twitter:card\" content=\"summary_large_image\" \/>\n<meta name=\"twitter:label1\" content=\"Est. reading time\" \/>\n\t<meta name=\"twitter:data1\" content=\"1 minut\" \/>\n<script type=\"application\/ld+json\" class=\"yoast-schema-graph\">{\"@context\":\"https:\\\/\\\/schema.org\",\"@graph\":[{\"@type\":\"WebPage\",\"@id\":\"https:\\\/\\\/eostreprint.eu\\\/product\\\/epub-preisimaa-kristuse-ruutlid\\\/\",\"url\":\"https:\\\/\\\/eostreprint.eu\\\/product\\\/epub-preisimaa-kristuse-ruutlid\\\/\",\"name\":\"STR 4. Preisimaa Kristuse r\u00fc\u00fctlid [EPUB] - Eostre Publications\",\"isPartOf\":{\"@id\":\"https:\\\/\\\/eostreprint.eu\\\/#website\"},\"primaryImageOfPage\":{\"@id\":\"https:\\\/\\\/eostreprint.eu\\\/product\\\/epub-preisimaa-kristuse-ruutlid\\\/#primaryimage\"},\"image\":{\"@id\":\"https:\\\/\\\/eostreprint.eu\\\/product\\\/epub-preisimaa-kristuse-ruutlid\\\/#primaryimage\"},\"thumbnailUrl\":\"https:\\\/\\\/i0.wp.com\\\/eostreprint.eu\\\/wp-content\\\/uploads\\\/2024\\\/07\\\/Cover-4-web-v1_EST.jpg?fit=933%2C1382&ssl=1\",\"datePublished\":\"2025-01-22T12:39:37+00:00\",\"dateModified\":\"2025-12-20T21:04:26+00:00\",\"breadcrumb\":{\"@id\":\"https:\\\/\\\/eostreprint.eu\\\/product\\\/epub-preisimaa-kristuse-ruutlid\\\/#breadcrumb\"},\"inLanguage\":\"et\",\"potentialAction\":[{\"@type\":\"ReadAction\",\"target\":[\"https:\\\/\\\/eostreprint.eu\\\/product\\\/epub-preisimaa-kristuse-ruutlid\\\/\"]}]},{\"@type\":\"ImageObject\",\"inLanguage\":\"et\",\"@id\":\"https:\\\/\\\/eostreprint.eu\\\/product\\\/epub-preisimaa-kristuse-ruutlid\\\/#primaryimage\",\"url\":\"https:\\\/\\\/i0.wp.com\\\/eostreprint.eu\\\/wp-content\\\/uploads\\\/2024\\\/07\\\/Cover-4-web-v1_EST.jpg?fit=933%2C1382&ssl=1\",\"contentUrl\":\"https:\\\/\\\/i0.wp.com\\\/eostreprint.eu\\\/wp-content\\\/uploads\\\/2024\\\/07\\\/Cover-4-web-v1_EST.jpg?fit=933%2C1382&ssl=1\",\"width\":933,\"height\":1382},{\"@type\":\"BreadcrumbList\",\"@id\":\"https:\\\/\\\/eostreprint.eu\\\/product\\\/epub-preisimaa-kristuse-ruutlid\\\/#breadcrumb\",\"itemListElement\":[{\"@type\":\"ListItem\",\"position\":1,\"name\":\"Home\",\"item\":\"https:\\\/\\\/eostreprint.eu\\\/\"},{\"@type\":\"ListItem\",\"position\":2,\"name\":\"Shop\",\"item\":\"https:\\\/\\\/eostreprint.eu\\\/shop\\\/\"},{\"@type\":\"ListItem\",\"position\":3,\"name\":\"STR 4. Preisimaa Kristuse r\u00fc\u00fctlid [EPUB]\"}]},{\"@type\":\"WebSite\",\"@id\":\"https:\\\/\\\/eostreprint.eu\\\/#website\",\"url\":\"https:\\\/\\\/eostreprint.eu\\\/\",\"name\":\"Eostre Publications\",\"description\":\"\",\"publisher\":{\"@id\":\"https:\\\/\\\/eostreprint.eu\\\/#organization\"},\"potentialAction\":[{\"@type\":\"SearchAction\",\"target\":{\"@type\":\"EntryPoint\",\"urlTemplate\":\"https:\\\/\\\/eostreprint.eu\\\/?s={search_term_string}\"},\"query-input\":{\"@type\":\"PropertyValueSpecification\",\"valueRequired\":true,\"valueName\":\"search_term_string\"}}],\"inLanguage\":\"et\"},{\"@type\":\"Organization\",\"@id\":\"https:\\\/\\\/eostreprint.eu\\\/#organization\",\"name\":\"Eostre Publications O\u00dc\",\"url\":\"https:\\\/\\\/eostreprint.eu\\\/\",\"logo\":{\"@type\":\"ImageObject\",\"inLanguage\":\"et\",\"@id\":\"https:\\\/\\\/eostreprint.eu\\\/#\\\/schema\\\/logo\\\/image\\\/\",\"url\":\"https:\\\/\\\/i0.wp.com\\\/eostreprint.eu\\\/wp-content\\\/uploads\\\/2022\\\/10\\\/Eostre-symbol.png?fit=4000%2C4000&ssl=1\",\"contentUrl\":\"https:\\\/\\\/i0.wp.com\\\/eostreprint.eu\\\/wp-content\\\/uploads\\\/2022\\\/10\\\/Eostre-symbol.png?fit=4000%2C4000&ssl=1\",\"width\":4000,\"height\":4000,\"caption\":\"Eostre Publications O\u00dc\"},\"image\":{\"@id\":\"https:\\\/\\\/eostreprint.eu\\\/#\\\/schema\\\/logo\\\/image\\\/\"},\"sameAs\":[\"https:\\\/\\\/www.facebook.com\\\/profile.php?id=100080242308541\"]}]}<\/script>\n<!-- \/ Yoast SEO plugin. -->","yoast_head_json":{"title":"STR 4. Preisimaa Kristuse r\u00fc\u00fctlid [EPUB] - Eostre Publications","robots":{"index":"index","follow":"follow","max-snippet":"max-snippet:-1","max-image-preview":"max-image-preview:large","max-video-preview":"max-video-preview:-1"},"canonical":"https:\/\/eostreprint.eu\/et\/toode\/epub-preisimaa-kristuse-ruutlid\/","og_locale":"et_EE","og_type":"article","og_title":"STR 4. Preisimaa Kristuse r\u00fc\u00fctlid [EPUB] - Eostre Publications","og_description":"ISBN: 978-9916-767-10-8 Title: Preisimaa Kristuse r\u00fc\u00fctlid Author: Maciej Dorna. Language: Estonian. Pages: 48. Format: EPUB.","og_url":"https:\/\/eostreprint.eu\/et\/toode\/epub-preisimaa-kristuse-ruutlid\/","og_site_name":"Eostre Publications","article_publisher":"https:\/\/www.facebook.com\/profile.php?id=100080242308541","article_modified_time":"2025-12-20T21:04:26+00:00","og_image":[{"width":933,"height":1382,"url":"https:\/\/eostreprint.eu\/wp-content\/uploads\/2024\/07\/Cover-4-web-v1_EST.jpg","type":"image\/jpeg"}],"twitter_card":"summary_large_image","twitter_misc":{"Est. reading time":"1 minut"},"schema":{"@context":"https:\/\/schema.org","@graph":[{"@type":"WebPage","@id":"https:\/\/eostreprint.eu\/product\/epub-preisimaa-kristuse-ruutlid\/","url":"https:\/\/eostreprint.eu\/product\/epub-preisimaa-kristuse-ruutlid\/","name":"STR 4. Preisimaa Kristuse r\u00fc\u00fctlid [EPUB] - Eostre Publications","isPartOf":{"@id":"https:\/\/eostreprint.eu\/#website"},"primaryImageOfPage":{"@id":"https:\/\/eostreprint.eu\/product\/epub-preisimaa-kristuse-ruutlid\/#primaryimage"},"image":{"@id":"https:\/\/eostreprint.eu\/product\/epub-preisimaa-kristuse-ruutlid\/#primaryimage"},"thumbnailUrl":"https:\/\/i0.wp.com\/eostreprint.eu\/wp-content\/uploads\/2024\/07\/Cover-4-web-v1_EST.jpg?fit=933%2C1382&ssl=1","datePublished":"2025-01-22T12:39:37+00:00","dateModified":"2025-12-20T21:04:26+00:00","breadcrumb":{"@id":"https:\/\/eostreprint.eu\/product\/epub-preisimaa-kristuse-ruutlid\/#breadcrumb"},"inLanguage":"et","potentialAction":[{"@type":"ReadAction","target":["https:\/\/eostreprint.eu\/product\/epub-preisimaa-kristuse-ruutlid\/"]}]},{"@type":"ImageObject","inLanguage":"et","@id":"https:\/\/eostreprint.eu\/product\/epub-preisimaa-kristuse-ruutlid\/#primaryimage","url":"https:\/\/i0.wp.com\/eostreprint.eu\/wp-content\/uploads\/2024\/07\/Cover-4-web-v1_EST.jpg?fit=933%2C1382&ssl=1","contentUrl":"https:\/\/i0.wp.com\/eostreprint.eu\/wp-content\/uploads\/2024\/07\/Cover-4-web-v1_EST.jpg?fit=933%2C1382&ssl=1","width":933,"height":1382},{"@type":"BreadcrumbList","@id":"https:\/\/eostreprint.eu\/product\/epub-preisimaa-kristuse-ruutlid\/#breadcrumb","itemListElement":[{"@type":"ListItem","position":1,"name":"Home","item":"https:\/\/eostreprint.eu\/"},{"@type":"ListItem","position":2,"name":"Shop","item":"https:\/\/eostreprint.eu\/shop\/"},{"@type":"ListItem","position":3,"name":"STR 4. Preisimaa Kristuse r\u00fc\u00fctlid [EPUB]"}]},{"@type":"WebSite","@id":"https:\/\/eostreprint.eu\/#website","url":"https:\/\/eostreprint.eu\/","name":"Eostre Publications","description":"","publisher":{"@id":"https:\/\/eostreprint.eu\/#organization"},"potentialAction":[{"@type":"SearchAction","target":{"@type":"EntryPoint","urlTemplate":"https:\/\/eostreprint.eu\/?s={search_term_string}"},"query-input":{"@type":"PropertyValueSpecification","valueRequired":true,"valueName":"search_term_string"}}],"inLanguage":"et"},{"@type":"Organization","@id":"https:\/\/eostreprint.eu\/#organization","name":"Eostre Publications O\u00dc","url":"https:\/\/eostreprint.eu\/","logo":{"@type":"ImageObject","inLanguage":"et","@id":"https:\/\/eostreprint.eu\/#\/schema\/logo\/image\/","url":"https:\/\/i0.wp.com\/eostreprint.eu\/wp-content\/uploads\/2022\/10\/Eostre-symbol.png?fit=4000%2C4000&ssl=1","contentUrl":"https:\/\/i0.wp.com\/eostreprint.eu\/wp-content\/uploads\/2022\/10\/Eostre-symbol.png?fit=4000%2C4000&ssl=1","width":4000,"height":4000,"caption":"Eostre Publications O\u00dc"},"image":{"@id":"https:\/\/eostreprint.eu\/#\/schema\/logo\/image\/"},"sameAs":["https:\/\/www.facebook.com\/profile.php?id=100080242308541"]}]}},"jetpack_sharing_enabled":true,"jetpack_likes_enabled":false,"_links":{"self":[{"href":"https:\/\/eostreprint.eu\/et\/wp-json\/wp\/v2\/product\/212426","targetHints":{"allow":["GET"]}}],"collection":[{"href":"https:\/\/eostreprint.eu\/et\/wp-json\/wp\/v2\/product"}],"about":[{"href":"https:\/\/eostreprint.eu\/et\/wp-json\/wp\/v2\/types\/product"}],"replies":[{"embeddable":true,"href":"https:\/\/eostreprint.eu\/et\/wp-json\/wp\/v2\/comments?post=212426"}],"wp:featuredmedia":[{"embeddable":true,"href":"https:\/\/eostreprint.eu\/et\/wp-json\/wp\/v2\/media\/212345"}],"wp:attachment":[{"href":"https:\/\/eostreprint.eu\/et\/wp-json\/wp\/v2\/media?parent=212426"}],"wp:term":[{"taxonomy":"product_brand","embeddable":true,"href":"https:\/\/eostreprint.eu\/et\/wp-json\/wp\/v2\/product_brand?post=212426"},{"taxonomy":"product_cat","embeddable":true,"href":"https:\/\/eostreprint.eu\/et\/wp-json\/wp\/v2\/product_cat?post=212426"},{"taxonomy":"product_tag","embeddable":true,"href":"https:\/\/eostreprint.eu\/et\/wp-json\/wp\/v2\/product_tag?post=212426"}],"curies":[{"name":"wp","href":"https:\/\/api.w.org\/{rel}","templated":true}]}}