{"id":3,"date":"2020-10-18T22:29:52","date_gmt":"2020-10-18T22:29:52","guid":{"rendered":"https:\/\/eostreprint.eu\/?page_id=3"},"modified":"2023-11-26T09:31:28","modified_gmt":"2023-11-26T09:31:28","slug":"privacy-policy","status":"publish","type":"page","link":"https:\/\/eostreprint.eu\/et\/privacy-policy\/","title":{"rendered":"Privaatsuspoliitika"},"content":{"rendered":"<h3>Kliendiandmete t\u00f6\u00f6tlemise p\u00f5him\u00f5tted<\/h3>\n<p>Eostre Publications O\u00dc on isikuandmete vastutav t\u00f6\u00f6tleja. Eostre Publications O\u00dc edastab maksete teostamiseks vajalikud isikuandmed volitatud maksete t\u00f6\u00f6tlejale. Tehingutes, kus Maksekeskus AS on volitatud maksete teostaja, edastab Eostre Publications O\u00dc maksete teostamiseks vajalikud isikuandmed volitatud t\u00f6\u00f6tleja Maksekeskus AS-ile.<\/p>\n<p>K\u00e4esolev dokument m\u00e4\u00e4ratleb Eostre Publications O\u00dc k\u00e4sutuses olevate kliendiandmete t\u00f6\u00f6tlemise eesm\u00e4rgid, koosseisu, t\u00f6\u00f6tlemise ning salastatuse.<\/p>\n<h4>Kes on klient?<\/h4>\n<p>Klient on isik, kes on astunud Eostre Publications O\u00dc-ga lepingulisse suhtesse.<\/p>\n<h4>Mis on kliendiandmed?<\/h4>\n<p>Kliendiandmed on igasugune info, mis on Eostre Publications O\u00dc-le oma kliendi kohta teada (nt. kliendi nimi, isikukood, kontaktandmed, tehingute andmed).<\/p>\n<h4>Mis on kliendiandmete t\u00f6\u00f6tlemine?<\/h4>\n<p>Kliendiandmete t\u00f6\u00f6tlemine on igasugune kliendiandmetega tehtav toiming (sh. kliendiandmete kogumine, salvestamine, korrastamine, s\u00e4ilitamine, muutmine, avalikustamine, kliendiandmetele juurdep\u00e4\u00e4su v\u00f5imaldamine, p\u00e4ringute ja v\u00e4ljav\u00f5tete tegemine, kasutamine, edastamine, ristkasutamine, \u00fchendamine, sulgemine, kustutamine ja h\u00e4vitamine).<\/p>\n<h4>Kes on kliendiandmete t\u00f6\u00f6tleja?<\/h4>\n<p>Kliendiandmete t\u00f6\u00f6tleja on Eostre Publications O\u00dc (reg. kood 16151385, Veskilise tn 7-50, Tallinn, 10621). Kliendiandmete volitatud t\u00f6\u00f6tlejad on Eostre Publications O\u00dc lepingulised tarkvarahooldusteenuse pakkujad.<\/p>\n<h4>Kes on kolmas isik?<\/h4>\n<p>Kolmas isik on f\u00fc\u00fcsiline v\u00f5i juriidiline isik, kes ei ole klient ega kliendiandmete t\u00f6\u00f6tleja.<\/p>\n<h4>Mis on t\u00f6\u00f6deldavate kliendiandmete koosseis?<\/h4>\n<p>Eostre Publications O\u00dc kogub kliendiandmeid j\u00e4rgmises koosseisus:<\/p>\n<ul>\n<li>ees- ja perekonnanimi\/\u00e4ri\u00fchingu nimi;<\/li>\n<li>isikukood\/registrikood;<\/li>\n<li>elukoht\/asukoht;<\/li>\n<li>arveldusarve;<\/li>\n<li>kontaktandmed.<\/li>\n<li>tehingute andmed (kliendi poolt sooritatud ostude andmed)<\/li>\n<li>andmed harjumuste, eelistuste ja rahulolu kohta (nt andmed teenuste kasutamise aktiivsuse, kasutatavate teenuste ja kliendirahulolu kohta ning kaebustega seotud andmed);<\/li>\n<li>k\u00f5iki kliendi poolt edastatud andmed (v.a delikaatsed isikuandmed), s.h on Eostre Publications O\u00dc-l \u00f5igus salvestada k\u00f5igi sidevahendite (nt telefoni ja arvutiv\u00f5rgu) teel antud Kliendi korraldused.<\/li>\n<\/ul>\n<p>Seaduses s\u00e4testatud alustel on Eostre Publications O\u00dc-l \u00f5igus t\u00f6\u00f6delda kliendi kohta k\u00e4ivaid andmeid, mida ei ole k\u00e4esolevas N\u00f5usolekus nimetatud.<\/p>\n<h4>Milline on kliendiandmete t\u00f6\u00f6tlemise eesm\u00e4rk?<\/h4>\n<p>Eostre Publications O\u00dc t\u00f6\u00f6tleb kliendiandmeid selleks, et: t\u00e4ita kliendiga s\u00f5lmitud lepingut; kaitsta oma rikutud v\u00f5i vaidlustatud \u00f5igusi (nt andmete edastamine kohtule); paremini m\u00f5ista klientide ootusi ning seel\u00e4bi pakkuda kliendile sobivaid, kvaliteetseid teenuseid; t\u00e4ita oma kohustusi, mis tulenevad \u00f5igusnormidest (nt andmete edastamine uurimisasutusele).<\/p>\n<h4>Millistel juhtudel avaldame kliendiandmeid?<\/h4>\n<p>Kliendiandmed on salajased, neid ei v\u00e4ljastata ning neile ei v\u00f5imaldata Kolmandate isikute poolt ligip\u00e4\u00e4su, ilma Kliendi eelneva n\u00f5usolekuta, v.a seadustes etten\u00e4htud juhtudel.<\/p>\n<h4>Kuidas kasutame kliendiandmeid teenuste pakkumisel?<\/h4>\n<p>Eostre Publications O\u00dc saadab Klientidele enda pakkumisi. Samuti edastab Eostre Publications O\u00dc Klientidele pakkumisi, mille on teinud meie poolt hoolikalt v\u00e4lja valitud koost\u00f6\u00f6partnerid. Koost\u00f6\u00f6partner ei saa oma kasutusse kliendiandmeid, kui Klient ei ole v\u00e4ljendanud konkreetset huvi koost\u00f6\u00f6partneri kauba v\u00f5i teenuse vastu. Kliendil on igal ajal \u00f5igus Eostre Publications O\u00dc-ga \u00fchendust v\u00f5tta, et teatada oma soovist personaalseid pakkumisi mitte saada.<\/p>\n<h4>Kuidas muuta oma kliendiandmeid ja taotleda nende t\u00f6\u00f6tlemise l\u00f5petamist?<\/h4>\n<p>Customers have the right to access their customer data via email at <a href=\"mailto:info@eostreprint.eu\" target=\"_blank\" rel=\"noopener\">info@eostreprint.eu<\/a>. If customer data has changed or is otherwise incorrect, the customer must report this via email at <a href=\"mailto:info@eostreprint.eu\" target=\"_blank\" rel=\"noopener\">info@eostreprint.eu<\/a>. Customers have the right to request the cessation of their data processing and\/or deletion of collected data if such right arises from personal data protection law or other legal acts.<\/p>\n<h4>Kust saab t\u00e4iendavat infot kliendiandmete t\u00f6\u00f6tlemise kohta?<\/h4>\n<p>If you want more detailed explanation about the processing of your customer data, write to the email address <a href=\"mailto:info@eostreprint.eu\" target=\"_blank\" rel=\"noopener\">info@eostreprint.eu<\/a>. We will respond to your letters on weekdays from 08:00 to 17:00.<\/p>\n<p>&nbsp;<\/p>","protected":false},"excerpt":{"rendered":"<p>Principles of Processing Customer Data Eostre Publications O\u00dc is the responsible processor of personal data. Eostre Publications O\u00dc transfers the necessary personal data to an authorized payment processor to execute payments. Where Maksekeskus AS is the authorized payment processor, Eostre Publications O\u00dc transfers the necessary personal data to Maksekeskus AS in order to execute payments. [&hellip;]<\/p>\n","protected":false},"author":4,"featured_media":0,"parent":0,"menu_order":0,"comment_status":"closed","ping_status":"closed","template":"","meta":{"_et_pb_use_builder":"","_et_pb_old_content":"","_et_gb_content_width":"","footnotes":""},"class_list":["post-3","page","type-page","status-publish","hentry"],"yoast_head":"<!-- This site is optimized with the Yoast SEO plugin v27.4 - https:\/\/yoast.com\/product\/yoast-seo-wordpress\/ -->\n<title>Privacy Policy - Eostre Publications<\/title>\n<meta name=\"robots\" content=\"index, follow, max-snippet:-1, max-image-preview:large, max-video-preview:-1\" \/>\n<link rel=\"canonical\" href=\"https:\/\/eostreprint.eu\/et\/privacy-policy\/\" \/>\n<meta property=\"og:locale\" content=\"et_EE\" \/>\n<meta property=\"og:type\" content=\"article\" \/>\n<meta property=\"og:title\" content=\"Privacy Policy - Eostre Publications\" \/>\n<meta property=\"og:description\" content=\"Principles of Processing Customer Data Eostre Publications O\u00dc is the responsible processor of personal data. Eostre Publications O\u00dc transfers the necessary personal data to an authorized payment processor to execute payments. Where Maksekeskus AS is the authorized payment processor, Eostre Publications O\u00dc transfers the necessary personal data to Maksekeskus AS in order to execute payments. [&hellip;]\" \/>\n<meta property=\"og:url\" content=\"https:\/\/eostreprint.eu\/et\/privacy-policy\/\" \/>\n<meta property=\"og:site_name\" content=\"Eostre Publications\" \/>\n<meta property=\"article:publisher\" content=\"https:\/\/www.facebook.com\/profile.php?id=100080242308541\" \/>\n<meta property=\"article:modified_time\" content=\"2023-11-26T09:31:28+00:00\" \/>\n<meta name=\"twitter:card\" content=\"summary_large_image\" \/>\n<meta name=\"twitter:label1\" content=\"Est. reading time\" \/>\n\t<meta name=\"twitter:data1\" content=\"3 minutit\" \/>\n<script type=\"application\/ld+json\" class=\"yoast-schema-graph\">{\"@context\":\"https:\\\/\\\/schema.org\",\"@graph\":[{\"@type\":\"WebPage\",\"@id\":\"https:\\\/\\\/eostreprint.eu\\\/privacy-policy\\\/\",\"url\":\"https:\\\/\\\/eostreprint.eu\\\/privacy-policy\\\/\",\"name\":\"Privacy Policy - Eostre Publications\",\"isPartOf\":{\"@id\":\"https:\\\/\\\/eostreprint.eu\\\/#website\"},\"datePublished\":\"2020-10-18T22:29:52+00:00\",\"dateModified\":\"2023-11-26T09:31:28+00:00\",\"breadcrumb\":{\"@id\":\"https:\\\/\\\/eostreprint.eu\\\/privacy-policy\\\/#breadcrumb\"},\"inLanguage\":\"et\",\"potentialAction\":[{\"@type\":\"ReadAction\",\"target\":[\"https:\\\/\\\/eostreprint.eu\\\/privacy-policy\\\/\"]}]},{\"@type\":\"BreadcrumbList\",\"@id\":\"https:\\\/\\\/eostreprint.eu\\\/privacy-policy\\\/#breadcrumb\",\"itemListElement\":[{\"@type\":\"ListItem\",\"position\":1,\"name\":\"Home\",\"item\":\"https:\\\/\\\/eostreprint.eu\\\/\"},{\"@type\":\"ListItem\",\"position\":2,\"name\":\"Privacy Policy\"}]},{\"@type\":\"WebSite\",\"@id\":\"https:\\\/\\\/eostreprint.eu\\\/#website\",\"url\":\"https:\\\/\\\/eostreprint.eu\\\/\",\"name\":\"Eostre Publications\",\"description\":\"\",\"publisher\":{\"@id\":\"https:\\\/\\\/eostreprint.eu\\\/#organization\"},\"potentialAction\":[{\"@type\":\"SearchAction\",\"target\":{\"@type\":\"EntryPoint\",\"urlTemplate\":\"https:\\\/\\\/eostreprint.eu\\\/?s={search_term_string}\"},\"query-input\":{\"@type\":\"PropertyValueSpecification\",\"valueRequired\":true,\"valueName\":\"search_term_string\"}}],\"inLanguage\":\"et\"},{\"@type\":\"Organization\",\"@id\":\"https:\\\/\\\/eostreprint.eu\\\/#organization\",\"name\":\"Eostre Publications O\u00dc\",\"url\":\"https:\\\/\\\/eostreprint.eu\\\/\",\"logo\":{\"@type\":\"ImageObject\",\"inLanguage\":\"et\",\"@id\":\"https:\\\/\\\/eostreprint.eu\\\/#\\\/schema\\\/logo\\\/image\\\/\",\"url\":\"https:\\\/\\\/i0.wp.com\\\/eostreprint.eu\\\/wp-content\\\/uploads\\\/2022\\\/10\\\/Eostre-symbol.png?fit=4000%2C4000&ssl=1\",\"contentUrl\":\"https:\\\/\\\/i0.wp.com\\\/eostreprint.eu\\\/wp-content\\\/uploads\\\/2022\\\/10\\\/Eostre-symbol.png?fit=4000%2C4000&ssl=1\",\"width\":4000,\"height\":4000,\"caption\":\"Eostre Publications O\u00dc\"},\"image\":{\"@id\":\"https:\\\/\\\/eostreprint.eu\\\/#\\\/schema\\\/logo\\\/image\\\/\"},\"sameAs\":[\"https:\\\/\\\/www.facebook.com\\\/profile.php?id=100080242308541\"]}]}<\/script>\n<!-- \/ Yoast SEO plugin. -->","yoast_head_json":{"title":"Privacy Policy - Eostre Publications","robots":{"index":"index","follow":"follow","max-snippet":"max-snippet:-1","max-image-preview":"max-image-preview:large","max-video-preview":"max-video-preview:-1"},"canonical":"https:\/\/eostreprint.eu\/et\/privacy-policy\/","og_locale":"et_EE","og_type":"article","og_title":"Privacy Policy - Eostre Publications","og_description":"Principles of Processing Customer Data Eostre Publications O\u00dc is the responsible processor of personal data. Eostre Publications O\u00dc transfers the necessary personal data to an authorized payment processor to execute payments. Where Maksekeskus AS is the authorized payment processor, Eostre Publications O\u00dc transfers the necessary personal data to Maksekeskus AS in order to execute payments. [&hellip;]","og_url":"https:\/\/eostreprint.eu\/et\/privacy-policy\/","og_site_name":"Eostre Publications","article_publisher":"https:\/\/www.facebook.com\/profile.php?id=100080242308541","article_modified_time":"2023-11-26T09:31:28+00:00","twitter_card":"summary_large_image","twitter_misc":{"Est. reading time":"3 minutit"},"schema":{"@context":"https:\/\/schema.org","@graph":[{"@type":"WebPage","@id":"https:\/\/eostreprint.eu\/privacy-policy\/","url":"https:\/\/eostreprint.eu\/privacy-policy\/","name":"Privacy Policy - Eostre Publications","isPartOf":{"@id":"https:\/\/eostreprint.eu\/#website"},"datePublished":"2020-10-18T22:29:52+00:00","dateModified":"2023-11-26T09:31:28+00:00","breadcrumb":{"@id":"https:\/\/eostreprint.eu\/privacy-policy\/#breadcrumb"},"inLanguage":"et","potentialAction":[{"@type":"ReadAction","target":["https:\/\/eostreprint.eu\/privacy-policy\/"]}]},{"@type":"BreadcrumbList","@id":"https:\/\/eostreprint.eu\/privacy-policy\/#breadcrumb","itemListElement":[{"@type":"ListItem","position":1,"name":"Home","item":"https:\/\/eostreprint.eu\/"},{"@type":"ListItem","position":2,"name":"Privacy Policy"}]},{"@type":"WebSite","@id":"https:\/\/eostreprint.eu\/#website","url":"https:\/\/eostreprint.eu\/","name":"Eostre Publications","description":"","publisher":{"@id":"https:\/\/eostreprint.eu\/#organization"},"potentialAction":[{"@type":"SearchAction","target":{"@type":"EntryPoint","urlTemplate":"https:\/\/eostreprint.eu\/?s={search_term_string}"},"query-input":{"@type":"PropertyValueSpecification","valueRequired":true,"valueName":"search_term_string"}}],"inLanguage":"et"},{"@type":"Organization","@id":"https:\/\/eostreprint.eu\/#organization","name":"Eostre Publications O\u00dc","url":"https:\/\/eostreprint.eu\/","logo":{"@type":"ImageObject","inLanguage":"et","@id":"https:\/\/eostreprint.eu\/#\/schema\/logo\/image\/","url":"https:\/\/i0.wp.com\/eostreprint.eu\/wp-content\/uploads\/2022\/10\/Eostre-symbol.png?fit=4000%2C4000&ssl=1","contentUrl":"https:\/\/i0.wp.com\/eostreprint.eu\/wp-content\/uploads\/2022\/10\/Eostre-symbol.png?fit=4000%2C4000&ssl=1","width":4000,"height":4000,"caption":"Eostre Publications O\u00dc"},"image":{"@id":"https:\/\/eostreprint.eu\/#\/schema\/logo\/image\/"},"sameAs":["https:\/\/www.facebook.com\/profile.php?id=100080242308541"]}]}},"jetpack_sharing_enabled":true,"jetpack_likes_enabled":false,"jetpack_shortlink":"https:\/\/wp.me\/Pf35SX-3","_links":{"self":[{"href":"https:\/\/eostreprint.eu\/et\/wp-json\/wp\/v2\/pages\/3","targetHints":{"allow":["GET"]}}],"collection":[{"href":"https:\/\/eostreprint.eu\/et\/wp-json\/wp\/v2\/pages"}],"about":[{"href":"https:\/\/eostreprint.eu\/et\/wp-json\/wp\/v2\/types\/page"}],"author":[{"embeddable":true,"href":"https:\/\/eostreprint.eu\/et\/wp-json\/wp\/v2\/users\/4"}],"replies":[{"embeddable":true,"href":"https:\/\/eostreprint.eu\/et\/wp-json\/wp\/v2\/comments?post=3"}],"version-history":[{"count":5,"href":"https:\/\/eostreprint.eu\/et\/wp-json\/wp\/v2\/pages\/3\/revisions"}],"predecessor-version":[{"id":212222,"href":"https:\/\/eostreprint.eu\/et\/wp-json\/wp\/v2\/pages\/3\/revisions\/212222"}],"wp:attachment":[{"href":"https:\/\/eostreprint.eu\/et\/wp-json\/wp\/v2\/media?parent=3"}],"curies":[{"name":"wp","href":"https:\/\/api.w.org\/{rel}","templated":true}]}}