{"id":212244,"date":"2023-12-06T16:29:37","date_gmt":"2023-12-06T16:29:37","guid":{"rendered":"https:\/\/eostreprint.eu\/?page_id=212244"},"modified":"2024-06-10T12:31:26","modified_gmt":"2024-06-10T12:31:26","slug":"e-book-policy","status":"publish","type":"page","link":"https:\/\/eostreprint.eu\/et\/e-book-policy\/","title":{"rendered":"E-raamatute p\u00f5him\u00f5tted"},"content":{"rendered":"<p>E-raamatud v\u00f5ivad kvaliteedi ja eesm\u00e4rkide poolest oluliselt erineda. Siinkohal soovime esitada p\u00f5him\u00f5tted, mida j\u00e4rgime e-raamatute loomisel ja m\u00fc\u00fcmisel.<\/p>\n<h3>Meie e-raamatute loomise p\u00f5him\u00f5tted<\/h3>\n<ol>\n<li>K\u00f5ikide illustratsioonide ja piltide resolutsioon on v\u00f5imalikult k\u00f5rge. See t\u00e4hendab, et e-raamatus oleva pildi kvaliteet peaks olema k\u00f5rgem kui vastaval tr\u00fckiversioonil.<\/li>\n<li>K\u00f5ik kaardid, diagrammid ja skeemid on v\u00f5imalusel vektorkujul. See t\u00e4hendab, et e-raamatu kaartide kvaliteet peaks v\u00f5imaldama laiemat kasutust (sealhulgas suurendamist ja fokuseerimist ilma resolutsiooni kadumiseta) v\u00f5rreldes vastava kaardi tr\u00fckiversiooniga.<\/li>\n<li>E-raamatule ei rakendata digitaalsete \u00f5iguste haldust (DRM). E-raamat on litsenseeritud selle ostjale. Kui ostja soovib ostetud e-raamatut jagada, saab ta osta t\u00e4iendavaid eksemplare vastavalt inimeste arvule, kellega ta soovib teost jagada ehk teose litsentsi kinkida.<\/li>\n<li>E-raamat peaks olema m\u00e4rgatavalt odavam kui vastav tr\u00fckiraamat.<\/li>\n<li>EPUB-i m\u00fc\u00fcakse meie poes odavamalt kui v\u00f5rreldavat PDF-faili EPUB-i vaba sisuvoo t\u00f5ttu. Selline sisuvoog on EPUB-i olemus, kuid kuna vaba sisuvoog v\u00f5ib liigutada illustratsioone ringi nende algsest asukohast, peetakse EPUB-i teiseseks vorminguks.<\/li>\n<\/ol>\n<p>Antud p\u00f5him\u00f5tted t\u00e4hendavad, et e-raamatu failid on kettal suuremad nendes olevate illustratsioonide k\u00f5rgema resolutsiooni p\u00e4rast.<\/p>","protected":false},"excerpt":{"rendered":"<p>E-books can vary considerably in their quality and aims. Here, we would like to set forward the principles which we aim to follow in the generation of e-books and in the provision of e-books for sale. Our Principles of E-Book Creation The resolution of all illustrations and images are the highest possible. This means that [&hellip;]<\/p>\n","protected":false},"author":4,"featured_media":0,"parent":0,"menu_order":0,"comment_status":"closed","ping_status":"closed","template":"","meta":{"_et_pb_use_builder":"off","_et_pb_old_content":"","_et_gb_content_width":"","footnotes":""},"class_list":["post-212244","page","type-page","status-publish","hentry"],"yoast_head":"<!-- This site is optimized with the Yoast SEO plugin v27.4 - https:\/\/yoast.com\/product\/yoast-seo-wordpress\/ -->\n<title>E-Book Policy - Eostre Publications<\/title>\n<meta name=\"robots\" content=\"index, follow, max-snippet:-1, max-image-preview:large, max-video-preview:-1\" \/>\n<link rel=\"canonical\" href=\"https:\/\/eostreprint.eu\/et\/e-book-policy\/\" \/>\n<meta property=\"og:locale\" content=\"et_EE\" \/>\n<meta property=\"og:type\" content=\"article\" \/>\n<meta property=\"og:title\" content=\"E-Book Policy - Eostre Publications\" \/>\n<meta property=\"og:description\" content=\"E-books can vary considerably in their quality and aims. Here, we would like to set forward the principles which we aim to follow in the generation of e-books and in the provision of e-books for sale. Our Principles of E-Book Creation The resolution of all illustrations and images are the highest possible. This means that [&hellip;]\" \/>\n<meta property=\"og:url\" content=\"https:\/\/eostreprint.eu\/et\/e-book-policy\/\" \/>\n<meta property=\"og:site_name\" content=\"Eostre Publications\" \/>\n<meta property=\"article:publisher\" content=\"https:\/\/www.facebook.com\/profile.php?id=100080242308541\" \/>\n<meta property=\"article:modified_time\" content=\"2024-06-10T12:31:26+00:00\" \/>\n<meta name=\"twitter:card\" content=\"summary_large_image\" \/>\n<meta name=\"twitter:label1\" content=\"Est. reading time\" \/>\n\t<meta name=\"twitter:data1\" content=\"2 minutit\" \/>\n<script type=\"application\/ld+json\" class=\"yoast-schema-graph\">{\"@context\":\"https:\\\/\\\/schema.org\",\"@graph\":[{\"@type\":\"WebPage\",\"@id\":\"https:\\\/\\\/eostreprint.eu\\\/e-book-policy\\\/\",\"url\":\"https:\\\/\\\/eostreprint.eu\\\/e-book-policy\\\/\",\"name\":\"E-Book Policy - Eostre Publications\",\"isPartOf\":{\"@id\":\"https:\\\/\\\/eostreprint.eu\\\/#website\"},\"datePublished\":\"2023-12-06T16:29:37+00:00\",\"dateModified\":\"2024-06-10T12:31:26+00:00\",\"breadcrumb\":{\"@id\":\"https:\\\/\\\/eostreprint.eu\\\/e-book-policy\\\/#breadcrumb\"},\"inLanguage\":\"et\",\"potentialAction\":[{\"@type\":\"ReadAction\",\"target\":[\"https:\\\/\\\/eostreprint.eu\\\/e-book-policy\\\/\"]}]},{\"@type\":\"BreadcrumbList\",\"@id\":\"https:\\\/\\\/eostreprint.eu\\\/e-book-policy\\\/#breadcrumb\",\"itemListElement\":[{\"@type\":\"ListItem\",\"position\":1,\"name\":\"Home\",\"item\":\"https:\\\/\\\/eostreprint.eu\\\/\"},{\"@type\":\"ListItem\",\"position\":2,\"name\":\"E-Book Policy\"}]},{\"@type\":\"WebSite\",\"@id\":\"https:\\\/\\\/eostreprint.eu\\\/#website\",\"url\":\"https:\\\/\\\/eostreprint.eu\\\/\",\"name\":\"Eostre Publications\",\"description\":\"\",\"publisher\":{\"@id\":\"https:\\\/\\\/eostreprint.eu\\\/#organization\"},\"potentialAction\":[{\"@type\":\"SearchAction\",\"target\":{\"@type\":\"EntryPoint\",\"urlTemplate\":\"https:\\\/\\\/eostreprint.eu\\\/?s={search_term_string}\"},\"query-input\":{\"@type\":\"PropertyValueSpecification\",\"valueRequired\":true,\"valueName\":\"search_term_string\"}}],\"inLanguage\":\"et\"},{\"@type\":\"Organization\",\"@id\":\"https:\\\/\\\/eostreprint.eu\\\/#organization\",\"name\":\"Eostre Publications O\u00dc\",\"url\":\"https:\\\/\\\/eostreprint.eu\\\/\",\"logo\":{\"@type\":\"ImageObject\",\"inLanguage\":\"et\",\"@id\":\"https:\\\/\\\/eostreprint.eu\\\/#\\\/schema\\\/logo\\\/image\\\/\",\"url\":\"https:\\\/\\\/i0.wp.com\\\/eostreprint.eu\\\/wp-content\\\/uploads\\\/2022\\\/10\\\/Eostre-symbol.png?fit=4000%2C4000&ssl=1\",\"contentUrl\":\"https:\\\/\\\/i0.wp.com\\\/eostreprint.eu\\\/wp-content\\\/uploads\\\/2022\\\/10\\\/Eostre-symbol.png?fit=4000%2C4000&ssl=1\",\"width\":4000,\"height\":4000,\"caption\":\"Eostre Publications O\u00dc\"},\"image\":{\"@id\":\"https:\\\/\\\/eostreprint.eu\\\/#\\\/schema\\\/logo\\\/image\\\/\"},\"sameAs\":[\"https:\\\/\\\/www.facebook.com\\\/profile.php?id=100080242308541\"]}]}<\/script>\n<!-- \/ Yoast SEO plugin. -->","yoast_head_json":{"title":"E-Book Policy - Eostre Publications","robots":{"index":"index","follow":"follow","max-snippet":"max-snippet:-1","max-image-preview":"max-image-preview:large","max-video-preview":"max-video-preview:-1"},"canonical":"https:\/\/eostreprint.eu\/et\/e-book-policy\/","og_locale":"et_EE","og_type":"article","og_title":"E-Book Policy - Eostre Publications","og_description":"E-books can vary considerably in their quality and aims. Here, we would like to set forward the principles which we aim to follow in the generation of e-books and in the provision of e-books for sale. Our Principles of E-Book Creation The resolution of all illustrations and images are the highest possible. This means that [&hellip;]","og_url":"https:\/\/eostreprint.eu\/et\/e-book-policy\/","og_site_name":"Eostre Publications","article_publisher":"https:\/\/www.facebook.com\/profile.php?id=100080242308541","article_modified_time":"2024-06-10T12:31:26+00:00","twitter_card":"summary_large_image","twitter_misc":{"Est. reading time":"2 minutit"},"schema":{"@context":"https:\/\/schema.org","@graph":[{"@type":"WebPage","@id":"https:\/\/eostreprint.eu\/e-book-policy\/","url":"https:\/\/eostreprint.eu\/e-book-policy\/","name":"E-Book Policy - Eostre Publications","isPartOf":{"@id":"https:\/\/eostreprint.eu\/#website"},"datePublished":"2023-12-06T16:29:37+00:00","dateModified":"2024-06-10T12:31:26+00:00","breadcrumb":{"@id":"https:\/\/eostreprint.eu\/e-book-policy\/#breadcrumb"},"inLanguage":"et","potentialAction":[{"@type":"ReadAction","target":["https:\/\/eostreprint.eu\/e-book-policy\/"]}]},{"@type":"BreadcrumbList","@id":"https:\/\/eostreprint.eu\/e-book-policy\/#breadcrumb","itemListElement":[{"@type":"ListItem","position":1,"name":"Home","item":"https:\/\/eostreprint.eu\/"},{"@type":"ListItem","position":2,"name":"E-Book Policy"}]},{"@type":"WebSite","@id":"https:\/\/eostreprint.eu\/#website","url":"https:\/\/eostreprint.eu\/","name":"Eostre Publications","description":"","publisher":{"@id":"https:\/\/eostreprint.eu\/#organization"},"potentialAction":[{"@type":"SearchAction","target":{"@type":"EntryPoint","urlTemplate":"https:\/\/eostreprint.eu\/?s={search_term_string}"},"query-input":{"@type":"PropertyValueSpecification","valueRequired":true,"valueName":"search_term_string"}}],"inLanguage":"et"},{"@type":"Organization","@id":"https:\/\/eostreprint.eu\/#organization","name":"Eostre Publications O\u00dc","url":"https:\/\/eostreprint.eu\/","logo":{"@type":"ImageObject","inLanguage":"et","@id":"https:\/\/eostreprint.eu\/#\/schema\/logo\/image\/","url":"https:\/\/i0.wp.com\/eostreprint.eu\/wp-content\/uploads\/2022\/10\/Eostre-symbol.png?fit=4000%2C4000&ssl=1","contentUrl":"https:\/\/i0.wp.com\/eostreprint.eu\/wp-content\/uploads\/2022\/10\/Eostre-symbol.png?fit=4000%2C4000&ssl=1","width":4000,"height":4000,"caption":"Eostre Publications O\u00dc"},"image":{"@id":"https:\/\/eostreprint.eu\/#\/schema\/logo\/image\/"},"sameAs":["https:\/\/www.facebook.com\/profile.php?id=100080242308541"]}]}},"jetpack_sharing_enabled":true,"jetpack_likes_enabled":false,"jetpack_shortlink":"https:\/\/wp.me\/Pf35SX-Tdi","_links":{"self":[{"href":"https:\/\/eostreprint.eu\/et\/wp-json\/wp\/v2\/pages\/212244","targetHints":{"allow":["GET"]}}],"collection":[{"href":"https:\/\/eostreprint.eu\/et\/wp-json\/wp\/v2\/pages"}],"about":[{"href":"https:\/\/eostreprint.eu\/et\/wp-json\/wp\/v2\/types\/page"}],"author":[{"embeddable":true,"href":"https:\/\/eostreprint.eu\/et\/wp-json\/wp\/v2\/users\/4"}],"replies":[{"embeddable":true,"href":"https:\/\/eostreprint.eu\/et\/wp-json\/wp\/v2\/comments?post=212244"}],"version-history":[{"count":5,"href":"https:\/\/eostreprint.eu\/et\/wp-json\/wp\/v2\/pages\/212244\/revisions"}],"predecessor-version":[{"id":212291,"href":"https:\/\/eostreprint.eu\/et\/wp-json\/wp\/v2\/pages\/212244\/revisions\/212291"}],"wp:attachment":[{"href":"https:\/\/eostreprint.eu\/et\/wp-json\/wp\/v2\/media?parent=212244"}],"curies":[{"name":"wp","href":"https:\/\/api.w.org\/{rel}","templated":true}]}}