{"id":212210,"date":"2023-11-25T14:51:26","date_gmt":"2023-11-25T14:51:26","guid":{"rendered":"https:\/\/eostreprint.eu\/?page_id=212210"},"modified":"2023-11-25T20:58:44","modified_gmt":"2023-11-25T20:58:44","slug":"sales-conditions","status":"publish","type":"page","link":"https:\/\/eostreprint.eu\/et\/sales-conditions\/","title":{"rendered":"Veebipoe m\u00fc\u00fcgitingimused"},"content":{"rendered":"<p class=\"translation-block\">Veebipoe <a href=\"https:\/\/eostreprint.eu\/et\/shop\/\" target=\"_new\" rel=\"noopener\">https:\/\/eostreprint.eu\/shop\/<\/a>  (edaspidi Veebipood) omanik on Eostre Publications O\u00dc (reg. kood 16151385), asukohaga Veskilise tn 7-50, Tallinn, 10621.<\/p>\n<h4><strong>M\u00fc\u00fcgilepingu kehtivus, kauba- ja hinnainfo<\/strong><\/h4>\n<p>M\u00fc\u00fcgitingimused kehtivad Veebipoest raamatute ja e-raamatute ning teiste kaupade (edaspidi: Kaupade) ostmisel.<\/p>\n<p>Veebipoes m\u00fc\u00fcdavate toodete hinnad on m\u00e4rgitud Kaupade juurde ning sisaldavad k\u00e4ibemaksu.<\/p>\n<p>K\u00f5ik veebipoes m\u00fc\u00fcdavate Kaupade hinnad on eurodes, kui kasutaja ei ole valinud, et soovib hindasid kuvada teistes valuutades. Hinnad eurodes on alghinnad.<\/p>\n<p>Kaupade k\u00e4ttetoimetamise eest ei v\u00f5eta tasu eeldusel, et k\u00e4ttetoimetamine toimub elektroonselt. Veebipoest ei ole v\u00f5imalik tellida f\u00fc\u00fcsilisi esemeid. F\u00fc\u00fcsiliste objektide tellimiseks peab v\u00f5tma veebipoe omanikuga \u00fchendust. S\u00f5ltuvalt sellest ei kuvata ostjale ka k\u00e4ttetoimetamise tasu.<\/p>\n<p>Teave Kaupade kohta on esitatud Veebipoes vahetult Kaupade juures.<\/p>\n<h4><strong>Tellimuse vormistamine<\/strong><\/h4>\n<p>Kauba tellimiseks tuleb lisada soovitud tooted ostukorvi.<\/p>\n<p>Tellimuse vormistamiseks tuleb t\u00e4ita n\u00f5utud andmev\u00e4ljad. Seej\u00e4rel kuvatakse tasu suurus, mille saab tasuda turvaliselt l\u00e4bi j\u00e4rgnevate makseviiside:<\/p>\n<ul>\n<li>Eesti pangamaksed: Swedbank, SEB, Luminor, LHV, Coop Pank, Citadele, Pocopay<\/li>\n<li>Visa\/Mastercard\/American Express kaardimaksed<\/li>\n<\/ul>\n<p>NB! Pangalingiga tasumisel vajutada kindlasti panga lehel nupule \u201eTagasi kaupmehe juurde\u201c.<\/p>\n<p>Eesti pangamakseid vahendab Maksekeskus AS. Tasumine toimub v\u00e4ljaspool Veebipoodi turvalises keskkonnas \u2013 pangalingiga tasumisel vastava panga turvalises keskkonnas. M\u00fc\u00fcjal puudub ligip\u00e4\u00e4s kliendi panga ja krediitkaardi andmetele. Leping j\u00f5ustub alates tasumisele kuuluva summa laekumisest Veebipoe arvelduskontole. Veebipoe omanik on isikuandmete vastutav t\u00f6\u00f6tleja ning edastab maksete teostamiseks vajalikud isikuandmed volitatud t\u00f6\u00f6tleja Maksekeskus AS-le.<\/p>\n<p>Visa\/Mastercard\/American Express kaardimakseid vahendab WooPayments partnerluses Stripe\u2019iga. Veebipoe omanik on isikuandmete vastutav t\u00f6\u00f6tleja ning edastab maksete teostamiseks vajalikud isikuandmed volitatud t\u00f6\u00f6tleja Stripe-le.<\/p>\n<p>Kui tellitud Kaupasid ei ole v\u00f5imalik tarnida, teavitatakse sellest ostjat esimesel v\u00f5imalusel ning tagastatakse tasutud raha viivitamata, kuid mitte hiljem kui 14 p\u00e4eva jooksul teate saatmisest.<\/p>\n<h4><strong>M\u00fc\u00fcgilepingu j\u00f5ustumine ja Kaupade kohaletoimetamine<\/strong><\/h4>\n<p>Kauba m\u00fc\u00fcgilepinguga kohustub Veebipood andma ostjale \u00fcle lepingus ette n\u00e4htud Kaubad ning tegema v\u00f5imalikuks omandi \u00fclemineku ostjale, ostja aga kohustub Veebipoele tasuma Kaupade eest esitatud arvel n\u00e4idatud summa ja v\u00f5tma Kaubad vastu.<\/p>\n<p>Tellimused, mille eest ei ole tasutud, t\u00fchistatakse kolme p\u00e4eva m\u00f6\u00f6dudes alates tellimuse vormistamisest.<\/p>\n<p>M\u00fc\u00fcgileping j\u00f5ustub p\u00e4rast ostja tehtud maksetehingu kinnitamist ostja poolt valitud maksekeskkonnas.<\/p>\n<p class=\"translation-block\">Tellimuse t\u00e4itmine toimub automaatselt. Ainus Veebipoes olev Kaupade k\u00e4ttesaamise variant on elektroonne k\u00e4ttetoimetamine. Ostja peab sisestama oma t\u00f6\u00f6tava e-posti aadressi ja tellimuse vormistamisel saadetakse koheselt allalaadimislink. Tellitud Kaubad ja arve saabuvad teie meiliaadressile \u00fcldjuhul \u00fche tunni jooksul. Samuti kuvatakse allalaadimislinki koheselt peale tellimuse vormistamist. Kui allalaadimislink ei ole j\u00f5udnud ostjani kolme p\u00e4eva jooksul, palume v\u00f5tta \u00fchendust epostil <a href=\"mailto:info@eostreprint.eu\" target=\"_new\" rel=\"noopener\">info@eostreprint.eu<\/a>.<\/p>\n<h4><strong>Taganemis\u00f5igus<\/strong><\/h4>\n<p>Ostjal on \u00f5igus e-poes s\u00f5lmitud lepingust taganeda 14 p\u00e4eva jooksul juhul kui ostja ei ole tellimuses s\u00e4testatud Kaupasid alla laadinud.<\/p>\n<p>Taganemis\u00f5igus ei kohaldu, kui ostjaks on juriidiline isik.<\/p>\n<p class=\"translation-block\">Tellimusest taganemiseks tuleb esitada Kaupade ostmisest taganemise avaldus, milleks piisab e-kirja saatmine e-posti aadressile <a href=\"mailto:info@eostreprint.eu\" target=\"_new\" rel=\"noopener\">info@eostreprint.eu<\/a> hiljemalt 14 p\u00e4eva jooksul tellimuse tegemisest.<\/p>\n<p>Veebipoel on \u00f5igus taganeda m\u00fc\u00fcgitehingust ning n\u00f5uda ostjalt Kaubad tagasi, kui Kaupade hind on veebipoes eksituse t\u00f5ttu m\u00e4rgitud oluliselt alla Kaupade tavap\u00e4rase turuhinna.<\/p>\n<h4><strong>Otseturustus ja isikuandmete t\u00f6\u00f6tlemine<\/strong><\/h4>\n<p>Veebipood kasutab ostja poolt sisestatud isikuandmeid ainult tellimuse t\u00f6\u00f6tlemiseks ning Kaupade ostjale toimetamiseks.<\/p>\n<p>Veebipood saadab ostjale uudiskirju ning pakkumisi ostja e-maili aadressile ainult juhul, kui ostja on selleks avaldanud soovi sisestades veebilehel e-kirja aadressi ning andnud teada oma soovist otsepostituse teadete saamiseks.<\/p>\n<p>Ostjal on igal ajal v\u00f5imalik loobuda e-postile saadetavatest pakkumistest ja uudiskirjadest andes sellest meile teada e-kirja teel v\u00f5i j\u00e4rgides pakkumisi sisaldava e-kirjas toodud juhiseid.<\/p>\n<h4><strong>Tagastamis\u00f5igus ja pretensioonide esitamise kord<\/strong><\/h4>\n<p class=\"translation-block\">Ostjal on \u00f5igus p\u00f6\u00f6rduda pretensioonide lahendamiseks Veebipoe poole. Selleks saab kasutada Veebipoe kontaktivormi aadressil <a href=\"https:\/\/eostreprint.eu\/et\/\" target=\"_new\" rel=\"noopener\">https:\/\/eostreprint.eu\/<\/a> v\u00f5i saates e-kirja e-posti aadressile <a href=\"mailto:info@eostreprint.eu\" target=\"_new\" rel=\"noopener\">info@eostreprint.eu<\/a>.<\/p>\n<p>Veebipood vastab tarbija esitatud kaebusele kirjalikult v\u00f5i kirjalikku taasesitamist v\u00f5imaldavas vormis 15 p\u00e4eva jooksul.<\/p>\n<p>Ostjal on \u00f5igus raha tagasi saada kui Kaubad ei vasta Veebipoes kirjeldatud sisule.<\/p>\n<p>Veebipood ei vastuta ostjale tekkinud kahjude v\u00f5i Kaupade kohaletoimetamise viibimise eest juhul, kui Kaupade kohaletoimetamise viibimine on tingitud asjaoludest, mida Veebipood ei saanud m\u00f5jutada v\u00f5i ette n\u00e4ha.<\/p>\n<p>Kui ostja ja Veebipood ei suuda lahendada vaidlust kokkuleppe teel, siis on ostjal v\u00f5imalik p\u00f6\u00f6rduda Tarbijavaidluste komisjoni poole. Ostja v\u00f5ib esitada kaebuse ise v\u00f5i esindaja kaudu. Tarbijakaitse komisjoni andmed on toodud Tarbijakaitseameti kodulehel. Ostja v\u00f5ib p\u00f6\u00f6rduda Euroopa Liidu tarbijavaidlusi lahendava platvormi poole.<\/p>","protected":false},"excerpt":{"rendered":"<p>The owner of the online store https:\/\/eostreprint.eu\/shop\/ (hereinafter referred to as the Web Store) is Eostre Publications O\u00dc (reg. code 16151385), located at Veskilise tn 7-50, Tallinn, 10621. Validity of the Sales Contract, Goods, and Price Information The sales conditions apply to purchasing books, e-books, and other goods (hereinafter: Goods) from the Web Store. Prices [&hellip;]<\/p>\n","protected":false},"author":4,"featured_media":0,"parent":0,"menu_order":0,"comment_status":"closed","ping_status":"closed","template":"","meta":{"_et_pb_use_builder":"","_et_pb_old_content":"","_et_gb_content_width":"","footnotes":""},"class_list":["post-212210","page","type-page","status-publish","hentry"],"yoast_head":"<!-- This site is optimized with the Yoast SEO plugin v27.3 - https:\/\/yoast.com\/product\/yoast-seo-wordpress\/ -->\n<title>Web Store Sales Conditions - Eostre Publications<\/title>\n<meta name=\"robots\" content=\"index, follow, max-snippet:-1, max-image-preview:large, max-video-preview:-1\" \/>\n<link rel=\"canonical\" href=\"https:\/\/eostreprint.eu\/et\/sales-conditions\/\" \/>\n<meta property=\"og:locale\" content=\"et_EE\" \/>\n<meta property=\"og:type\" content=\"article\" \/>\n<meta property=\"og:title\" content=\"Web Store Sales Conditions - Eostre Publications\" \/>\n<meta property=\"og:description\" content=\"The owner of the online store https:\/\/eostreprint.eu\/shop\/ (hereinafter referred to as the Web Store) is Eostre Publications O\u00dc (reg. code 16151385), located at Veskilise tn 7-50, Tallinn, 10621. Validity of the Sales Contract, Goods, and Price Information The sales conditions apply to purchasing books, e-books, and other goods (hereinafter: Goods) from the Web Store. Prices [&hellip;]\" \/>\n<meta property=\"og:url\" content=\"https:\/\/eostreprint.eu\/et\/sales-conditions\/\" \/>\n<meta property=\"og:site_name\" content=\"Eostre Publications\" \/>\n<meta property=\"article:publisher\" content=\"https:\/\/www.facebook.com\/profile.php?id=100080242308541\" \/>\n<meta property=\"article:modified_time\" content=\"2023-11-25T20:58:44+00:00\" \/>\n<meta name=\"twitter:card\" content=\"summary_large_image\" \/>\n<meta name=\"twitter:label1\" content=\"Est. reading time\" \/>\n\t<meta name=\"twitter:data1\" content=\"5 minutit\" \/>\n<script type=\"application\/ld+json\" class=\"yoast-schema-graph\">{\"@context\":\"https:\\\/\\\/schema.org\",\"@graph\":[{\"@type\":\"WebPage\",\"@id\":\"https:\\\/\\\/eostreprint.eu\\\/sales-conditions\\\/\",\"url\":\"https:\\\/\\\/eostreprint.eu\\\/sales-conditions\\\/\",\"name\":\"Web Store Sales Conditions - Eostre Publications\",\"isPartOf\":{\"@id\":\"https:\\\/\\\/eostreprint.eu\\\/#website\"},\"datePublished\":\"2023-11-25T14:51:26+00:00\",\"dateModified\":\"2023-11-25T20:58:44+00:00\",\"breadcrumb\":{\"@id\":\"https:\\\/\\\/eostreprint.eu\\\/sales-conditions\\\/#breadcrumb\"},\"inLanguage\":\"et\",\"potentialAction\":[{\"@type\":\"ReadAction\",\"target\":[\"https:\\\/\\\/eostreprint.eu\\\/sales-conditions\\\/\"]}]},{\"@type\":\"BreadcrumbList\",\"@id\":\"https:\\\/\\\/eostreprint.eu\\\/sales-conditions\\\/#breadcrumb\",\"itemListElement\":[{\"@type\":\"ListItem\",\"position\":1,\"name\":\"Home\",\"item\":\"https:\\\/\\\/eostreprint.eu\\\/\"},{\"@type\":\"ListItem\",\"position\":2,\"name\":\"Web Store Sales Conditions\"}]},{\"@type\":\"WebSite\",\"@id\":\"https:\\\/\\\/eostreprint.eu\\\/#website\",\"url\":\"https:\\\/\\\/eostreprint.eu\\\/\",\"name\":\"Eostre Publications\",\"description\":\"\",\"publisher\":{\"@id\":\"https:\\\/\\\/eostreprint.eu\\\/#organization\"},\"potentialAction\":[{\"@type\":\"SearchAction\",\"target\":{\"@type\":\"EntryPoint\",\"urlTemplate\":\"https:\\\/\\\/eostreprint.eu\\\/?s={search_term_string}\"},\"query-input\":{\"@type\":\"PropertyValueSpecification\",\"valueRequired\":true,\"valueName\":\"search_term_string\"}}],\"inLanguage\":\"et\"},{\"@type\":\"Organization\",\"@id\":\"https:\\\/\\\/eostreprint.eu\\\/#organization\",\"name\":\"Eostre Publications O\u00dc\",\"url\":\"https:\\\/\\\/eostreprint.eu\\\/\",\"logo\":{\"@type\":\"ImageObject\",\"inLanguage\":\"et\",\"@id\":\"https:\\\/\\\/eostreprint.eu\\\/#\\\/schema\\\/logo\\\/image\\\/\",\"url\":\"https:\\\/\\\/i0.wp.com\\\/eostreprint.eu\\\/wp-content\\\/uploads\\\/2022\\\/10\\\/Eostre-symbol.png?fit=4000%2C4000&ssl=1\",\"contentUrl\":\"https:\\\/\\\/i0.wp.com\\\/eostreprint.eu\\\/wp-content\\\/uploads\\\/2022\\\/10\\\/Eostre-symbol.png?fit=4000%2C4000&ssl=1\",\"width\":4000,\"height\":4000,\"caption\":\"Eostre Publications O\u00dc\"},\"image\":{\"@id\":\"https:\\\/\\\/eostreprint.eu\\\/#\\\/schema\\\/logo\\\/image\\\/\"},\"sameAs\":[\"https:\\\/\\\/www.facebook.com\\\/profile.php?id=100080242308541\"]}]}<\/script>\n<!-- \/ Yoast SEO plugin. -->","yoast_head_json":{"title":"Web Store Sales Conditions - Eostre Publications","robots":{"index":"index","follow":"follow","max-snippet":"max-snippet:-1","max-image-preview":"max-image-preview:large","max-video-preview":"max-video-preview:-1"},"canonical":"https:\/\/eostreprint.eu\/et\/sales-conditions\/","og_locale":"et_EE","og_type":"article","og_title":"Web Store Sales Conditions - Eostre Publications","og_description":"The owner of the online store https:\/\/eostreprint.eu\/shop\/ (hereinafter referred to as the Web Store) is Eostre Publications O\u00dc (reg. code 16151385), located at Veskilise tn 7-50, Tallinn, 10621. Validity of the Sales Contract, Goods, and Price Information The sales conditions apply to purchasing books, e-books, and other goods (hereinafter: Goods) from the Web Store. Prices [&hellip;]","og_url":"https:\/\/eostreprint.eu\/et\/sales-conditions\/","og_site_name":"Eostre Publications","article_publisher":"https:\/\/www.facebook.com\/profile.php?id=100080242308541","article_modified_time":"2023-11-25T20:58:44+00:00","twitter_card":"summary_large_image","twitter_misc":{"Est. reading time":"5 minutit"},"schema":{"@context":"https:\/\/schema.org","@graph":[{"@type":"WebPage","@id":"https:\/\/eostreprint.eu\/sales-conditions\/","url":"https:\/\/eostreprint.eu\/sales-conditions\/","name":"Web Store Sales Conditions - Eostre Publications","isPartOf":{"@id":"https:\/\/eostreprint.eu\/#website"},"datePublished":"2023-11-25T14:51:26+00:00","dateModified":"2023-11-25T20:58:44+00:00","breadcrumb":{"@id":"https:\/\/eostreprint.eu\/sales-conditions\/#breadcrumb"},"inLanguage":"et","potentialAction":[{"@type":"ReadAction","target":["https:\/\/eostreprint.eu\/sales-conditions\/"]}]},{"@type":"BreadcrumbList","@id":"https:\/\/eostreprint.eu\/sales-conditions\/#breadcrumb","itemListElement":[{"@type":"ListItem","position":1,"name":"Home","item":"https:\/\/eostreprint.eu\/"},{"@type":"ListItem","position":2,"name":"Web Store Sales Conditions"}]},{"@type":"WebSite","@id":"https:\/\/eostreprint.eu\/#website","url":"https:\/\/eostreprint.eu\/","name":"Eostre Publications","description":"","publisher":{"@id":"https:\/\/eostreprint.eu\/#organization"},"potentialAction":[{"@type":"SearchAction","target":{"@type":"EntryPoint","urlTemplate":"https:\/\/eostreprint.eu\/?s={search_term_string}"},"query-input":{"@type":"PropertyValueSpecification","valueRequired":true,"valueName":"search_term_string"}}],"inLanguage":"et"},{"@type":"Organization","@id":"https:\/\/eostreprint.eu\/#organization","name":"Eostre Publications O\u00dc","url":"https:\/\/eostreprint.eu\/","logo":{"@type":"ImageObject","inLanguage":"et","@id":"https:\/\/eostreprint.eu\/#\/schema\/logo\/image\/","url":"https:\/\/i0.wp.com\/eostreprint.eu\/wp-content\/uploads\/2022\/10\/Eostre-symbol.png?fit=4000%2C4000&ssl=1","contentUrl":"https:\/\/i0.wp.com\/eostreprint.eu\/wp-content\/uploads\/2022\/10\/Eostre-symbol.png?fit=4000%2C4000&ssl=1","width":4000,"height":4000,"caption":"Eostre Publications O\u00dc"},"image":{"@id":"https:\/\/eostreprint.eu\/#\/schema\/logo\/image\/"},"sameAs":["https:\/\/www.facebook.com\/profile.php?id=100080242308541"]}]}},"jetpack_sharing_enabled":true,"jetpack_likes_enabled":false,"jetpack_shortlink":"https:\/\/wp.me\/Pf35SX-TcK","_links":{"self":[{"href":"https:\/\/eostreprint.eu\/et\/wp-json\/wp\/v2\/pages\/212210","targetHints":{"allow":["GET"]}}],"collection":[{"href":"https:\/\/eostreprint.eu\/et\/wp-json\/wp\/v2\/pages"}],"about":[{"href":"https:\/\/eostreprint.eu\/et\/wp-json\/wp\/v2\/types\/page"}],"author":[{"embeddable":true,"href":"https:\/\/eostreprint.eu\/et\/wp-json\/wp\/v2\/users\/4"}],"replies":[{"embeddable":true,"href":"https:\/\/eostreprint.eu\/et\/wp-json\/wp\/v2\/comments?post=212210"}],"version-history":[{"count":4,"href":"https:\/\/eostreprint.eu\/et\/wp-json\/wp\/v2\/pages\/212210\/revisions"}],"predecessor-version":[{"id":212214,"href":"https:\/\/eostreprint.eu\/et\/wp-json\/wp\/v2\/pages\/212210\/revisions\/212214"}],"wp:attachment":[{"href":"https:\/\/eostreprint.eu\/et\/wp-json\/wp\/v2\/media?parent=212210"}],"curies":[{"name":"wp","href":"https:\/\/api.w.org\/{rel}","templated":true}]}}